{"id":4994,"date":"2025-08-28T13:17:56","date_gmt":"2025-08-28T20:17:56","guid":{"rendered":"https:\/\/lajollamontessorischool.com\/?page_id=4994"},"modified":"2026-03-17T12:00:31","modified_gmt":"2026-03-17T19:00:31","slug":"ms-mariela-martinez","status":"publish","type":"page","link":"https:\/\/lajollamontessorischool.com\/es\/saber-mas\/conocenos\/ms-mariela-martinez\/","title":{"rendered":"Sra. Mariela Mart\u00ednez"},"content":{"rendered":"","protected":false},"excerpt":{"rendered":"","protected":false},"author":2,"featured_media":4996,"parent":4073,"menu_order":1,"comment_status":"closed","ping_status":"closed","template":"","meta":{"_exactmetrics_skip_tracking":false,"_exactmetrics_sitenote_active":false,"_exactmetrics_sitenote_note":"","_exactmetrics_sitenote_category":0,"_uf_show_specific_survey":0,"_uf_disable_surveys":false,"footnotes":""},"class_list":["post-4994","page","type-page","status-publish","has-post-thumbnail","hentry"],"aioseo_notices":[],"yoast_head":"<!-- This site is optimized with the Yoast SEO plugin v26.8 - https:\/\/yoast.com\/product\/yoast-seo-wordpress\/ -->\n<title>Sra. Mariela Mart\u00ednez - LaJollaMontessoriSchool.com<\/title>\n<meta name=\"description\" content=\"La Sra. Mariela Mart\u00ednez es Gu\u00eda de Espa\u00f1ol para Ni\u00f1os Peque\u00f1os en La Jolla Montessori School\" \/>\n<meta name=\"robots\" content=\"index, follow, max-snippet:-1, max-image-preview:large, max-video-preview:-1\" \/>\n<link rel=\"canonical\" href=\"https:\/\/lajollamontessorischool.com\/es\/saber-mas\/conocenos\/ms-mariela-martinez\/\" \/>\n<meta property=\"og:locale\" content=\"es_ES\" \/>\n<meta property=\"og:type\" content=\"article\" \/>\n<meta property=\"og:title\" content=\"Sra. Mariela Mart\u00ednez - LaJollaMontessoriSchool.com\" \/>\n<meta property=\"og:description\" content=\"La Sra. Mariela Mart\u00ednez es Gu\u00eda de Espa\u00f1ol para Ni\u00f1os Peque\u00f1os en La Jolla Montessori School\" \/>\n<meta property=\"og:url\" content=\"https:\/\/lajollamontessorischool.com\/es\/saber-mas\/conocenos\/ms-mariela-martinez\/\" \/>\n<meta property=\"og:site_name\" content=\"LaJollaMontessoriSchool.com\" \/>\n<meta property=\"article:modified_time\" content=\"2026-03-17T19:00:31+00:00\" \/>\n<meta property=\"og:image\" content=\"https:\/\/lajollamontessorischool.com\/wp-content\/uploads\/2025\/08\/Ms.-Mariela-Martinez-scaled.jpeg\" \/>\n\t<meta property=\"og:image:width\" content=\"2048\" \/>\n\t<meta property=\"og:image:height\" content=\"2560\" \/>\n\t<meta property=\"og:image:type\" content=\"image\/jpeg\" \/>\n<meta name=\"twitter:card\" content=\"summary_large_image\" \/>\n<script type=\"application\/ld+json\" class=\"yoast-schema-graph\">{\"@context\":\"https:\/\/schema.org\",\"@graph\":[{\"@type\":\"WebPage\",\"@id\":\"https:\/\/lajollamontessorischool.com\/es\/saber-mas\/conocenos\/ms-mariela-martinez\/\",\"url\":\"https:\/\/lajollamontessorischool.com\/es\/saber-mas\/conocenos\/ms-mariela-martinez\/\",\"name\":\"Sra. Mariela Mart\u00ednez - LaJollaMontessoriSchool.com\",\"isPartOf\":{\"@id\":\"https:\/\/lajollamontessorischool.com\/es\/#website\"},\"primaryImageOfPage\":{\"@id\":\"https:\/\/lajollamontessorischool.com\/es\/saber-mas\/conocenos\/ms-mariela-martinez\/#primaryimage\"},\"image\":{\"@id\":\"https:\/\/lajollamontessorischool.com\/es\/saber-mas\/conocenos\/ms-mariela-martinez\/#primaryimage\"},\"thumbnailUrl\":\"https:\/\/lajollamontessorischool.com\/wp-content\/uploads\/2025\/08\/Ms.-Mariela-Martinez-scaled.jpeg\",\"datePublished\":\"2025-08-28T20:17:56+00:00\",\"dateModified\":\"2026-03-17T19:00:31+00:00\",\"description\":\"La Sra. Mariela Mart\u00ednez es Gu\u00eda de Espa\u00f1ol para Ni\u00f1os Peque\u00f1os en La Jolla Montessori School\",\"breadcrumb\":{\"@id\":\"https:\/\/lajollamontessorischool.com\/es\/saber-mas\/conocenos\/ms-mariela-martinez\/#breadcrumb\"},\"inLanguage\":\"es\",\"potentialAction\":[{\"@type\":\"ReadAction\",\"target\":[\"https:\/\/lajollamontessorischool.com\/es\/saber-mas\/conocenos\/ms-mariela-martinez\/\"]}]},{\"@type\":\"ImageObject\",\"inLanguage\":\"es\",\"@id\":\"https:\/\/lajollamontessorischool.com\/es\/saber-mas\/conocenos\/ms-mariela-martinez\/#primaryimage\",\"url\":\"https:\/\/lajollamontessorischool.com\/wp-content\/uploads\/2025\/08\/Ms.-Mariela-Martinez-scaled.jpeg\",\"contentUrl\":\"https:\/\/lajollamontessorischool.com\/wp-content\/uploads\/2025\/08\/Ms.-Mariela-Martinez-scaled.jpeg\",\"width\":2048,\"height\":2560,\"caption\":\"Ms. Mariela Martinez\"},{\"@type\":\"BreadcrumbList\",\"@id\":\"https:\/\/lajollamontessorischool.com\/es\/saber-mas\/conocenos\/ms-mariela-martinez\/#breadcrumb\",\"itemListElement\":[{\"@type\":\"ListItem\",\"position\":1,\"name\":\"Home\",\"item\":\"https:\/\/lajollamontessorischool.com\/es\/\"},{\"@type\":\"ListItem\",\"position\":2,\"name\":\"Sobre nosotros\",\"item\":\"https:\/\/lajollamontessorischool.com\/es\/saber-mas\/\"},{\"@type\":\"ListItem\",\"position\":3,\"name\":\"Con\u00f3cenos\",\"item\":\"https:\/\/lajollamontessorischool.com\/es\/saber-mas\/conocenos\/\"},{\"@type\":\"ListItem\",\"position\":4,\"name\":\"Sra. Mariela Mart\u00ednez\"}]},{\"@type\":\"WebSite\",\"@id\":\"https:\/\/lajollamontessorischool.com\/es\/#website\",\"url\":\"https:\/\/lajollamontessorischool.com\/es\/\",\"name\":\"LaJollaMontessoriSchool.com\",\"description\":\"La Jolla Montessori School\",\"publisher\":{\"@id\":\"https:\/\/lajollamontessorischool.com\/es\/#organization\"},\"potentialAction\":[{\"@type\":\"SearchAction\",\"target\":{\"@type\":\"EntryPoint\",\"urlTemplate\":\"https:\/\/lajollamontessorischool.com\/es\/?s={search_term_string}\"},\"query-input\":{\"@type\":\"PropertyValueSpecification\",\"valueRequired\":true,\"valueName\":\"search_term_string\"}}],\"inLanguage\":\"es\"},{\"@type\":\"Organization\",\"@id\":\"https:\/\/lajollamontessorischool.com\/es\/#organization\",\"name\":\"LaJollaMontessoriSchool.com\",\"url\":\"https:\/\/lajollamontessorischool.com\/es\/\",\"logo\":{\"@type\":\"ImageObject\",\"inLanguage\":\"es\",\"@id\":\"https:\/\/lajollamontessorischool.com\/es\/#\/schema\/logo\/image\/\",\"url\":\"https:\/\/lajollamontessorischool.com\/wp-content\/uploads\/2019\/09\/LJMSlogo-new.png\",\"contentUrl\":\"https:\/\/lajollamontessorischool.com\/wp-content\/uploads\/2019\/09\/LJMSlogo-new.png\",\"width\":600,\"height\":234,\"caption\":\"LaJollaMontessoriSchool.com\"},\"image\":{\"@id\":\"https:\/\/lajollamontessorischool.com\/es\/#\/schema\/logo\/image\/\"}}]}<\/script>\n<!-- \/ Yoast SEO plugin. -->","yoast_head_json":{"title":"Sra. Mariela Mart\u00ednez - LaJollaMontessoriSchool.com","description":"La Sra. Mariela Mart\u00ednez es Gu\u00eda de Espa\u00f1ol para Ni\u00f1os Peque\u00f1os en La Jolla Montessori School","robots":{"index":"index","follow":"follow","max-snippet":"max-snippet:-1","max-image-preview":"max-image-preview:large","max-video-preview":"max-video-preview:-1"},"canonical":"https:\/\/lajollamontessorischool.com\/es\/saber-mas\/conocenos\/ms-mariela-martinez\/","og_locale":"es_ES","og_type":"article","og_title":"Sra. Mariela Mart\u00ednez - LaJollaMontessoriSchool.com","og_description":"La Sra. Mariela Mart\u00ednez es Gu\u00eda de Espa\u00f1ol para Ni\u00f1os Peque\u00f1os en La Jolla Montessori School","og_url":"https:\/\/lajollamontessorischool.com\/es\/saber-mas\/conocenos\/ms-mariela-martinez\/","og_site_name":"LaJollaMontessoriSchool.com","article_modified_time":"2026-03-17T19:00:31+00:00","og_image":[{"width":2048,"height":2560,"url":"https:\/\/lajollamontessorischool.com\/wp-content\/uploads\/2025\/08\/Ms.-Mariela-Martinez-scaled.jpeg","type":"image\/jpeg"}],"twitter_card":"summary_large_image","schema":{"@context":"https:\/\/schema.org","@graph":[{"@type":"WebPage","@id":"https:\/\/lajollamontessorischool.com\/es\/saber-mas\/conocenos\/ms-mariela-martinez\/","url":"https:\/\/lajollamontessorischool.com\/es\/saber-mas\/conocenos\/ms-mariela-martinez\/","name":"Sra. Mariela Mart\u00ednez - LaJollaMontessoriSchool.com","isPartOf":{"@id":"https:\/\/lajollamontessorischool.com\/es\/#website"},"primaryImageOfPage":{"@id":"https:\/\/lajollamontessorischool.com\/es\/saber-mas\/conocenos\/ms-mariela-martinez\/#primaryimage"},"image":{"@id":"https:\/\/lajollamontessorischool.com\/es\/saber-mas\/conocenos\/ms-mariela-martinez\/#primaryimage"},"thumbnailUrl":"https:\/\/lajollamontessorischool.com\/wp-content\/uploads\/2025\/08\/Ms.-Mariela-Martinez-scaled.jpeg","datePublished":"2025-08-28T20:17:56+00:00","dateModified":"2026-03-17T19:00:31+00:00","description":"La Sra. Mariela Mart\u00ednez es Gu\u00eda de Espa\u00f1ol para Ni\u00f1os Peque\u00f1os en La Jolla Montessori School","breadcrumb":{"@id":"https:\/\/lajollamontessorischool.com\/es\/saber-mas\/conocenos\/ms-mariela-martinez\/#breadcrumb"},"inLanguage":"es","potentialAction":[{"@type":"ReadAction","target":["https:\/\/lajollamontessorischool.com\/es\/saber-mas\/conocenos\/ms-mariela-martinez\/"]}]},{"@type":"ImageObject","inLanguage":"es","@id":"https:\/\/lajollamontessorischool.com\/es\/saber-mas\/conocenos\/ms-mariela-martinez\/#primaryimage","url":"https:\/\/lajollamontessorischool.com\/wp-content\/uploads\/2025\/08\/Ms.-Mariela-Martinez-scaled.jpeg","contentUrl":"https:\/\/lajollamontessorischool.com\/wp-content\/uploads\/2025\/08\/Ms.-Mariela-Martinez-scaled.jpeg","width":2048,"height":2560,"caption":"Ms. Mariela Martinez"},{"@type":"BreadcrumbList","@id":"https:\/\/lajollamontessorischool.com\/es\/saber-mas\/conocenos\/ms-mariela-martinez\/#breadcrumb","itemListElement":[{"@type":"ListItem","position":1,"name":"Home","item":"https:\/\/lajollamontessorischool.com\/es\/"},{"@type":"ListItem","position":2,"name":"Sobre nosotros","item":"https:\/\/lajollamontessorischool.com\/es\/saber-mas\/"},{"@type":"ListItem","position":3,"name":"Con\u00f3cenos","item":"https:\/\/lajollamontessorischool.com\/es\/saber-mas\/conocenos\/"},{"@type":"ListItem","position":4,"name":"Sra. Mariela Mart\u00ednez"}]},{"@type":"WebSite","@id":"https:\/\/lajollamontessorischool.com\/es\/#website","url":"https:\/\/lajollamontessorischool.com\/es\/","name":"LaJollaMontessoriSchool.com","description":"La Jolla Montessori School","publisher":{"@id":"https:\/\/lajollamontessorischool.com\/es\/#organization"},"potentialAction":[{"@type":"SearchAction","target":{"@type":"EntryPoint","urlTemplate":"https:\/\/lajollamontessorischool.com\/es\/?s={search_term_string}"},"query-input":{"@type":"PropertyValueSpecification","valueRequired":true,"valueName":"search_term_string"}}],"inLanguage":"es"},{"@type":"Organization","@id":"https:\/\/lajollamontessorischool.com\/es\/#organization","name":"LaJollaMontessoriSchool.com","url":"https:\/\/lajollamontessorischool.com\/es\/","logo":{"@type":"ImageObject","inLanguage":"es","@id":"https:\/\/lajollamontessorischool.com\/es\/#\/schema\/logo\/image\/","url":"https:\/\/lajollamontessorischool.com\/wp-content\/uploads\/2019\/09\/LJMSlogo-new.png","contentUrl":"https:\/\/lajollamontessorischool.com\/wp-content\/uploads\/2019\/09\/LJMSlogo-new.png","width":600,"height":234,"caption":"LaJollaMontessoriSchool.com"},"image":{"@id":"https:\/\/lajollamontessorischool.com\/es\/#\/schema\/logo\/image\/"}}]}},"_links":{"self":[{"href":"https:\/\/lajollamontessorischool.com\/es\/wp-json\/wp\/v2\/pages\/4994","targetHints":{"allow":["GET"]}}],"collection":[{"href":"https:\/\/lajollamontessorischool.com\/es\/wp-json\/wp\/v2\/pages"}],"about":[{"href":"https:\/\/lajollamontessorischool.com\/es\/wp-json\/wp\/v2\/types\/page"}],"author":[{"embeddable":true,"href":"https:\/\/lajollamontessorischool.com\/es\/wp-json\/wp\/v2\/users\/2"}],"replies":[{"embeddable":true,"href":"https:\/\/lajollamontessorischool.com\/es\/wp-json\/wp\/v2\/comments?post=4994"}],"version-history":[{"count":1,"href":"https:\/\/lajollamontessorischool.com\/es\/wp-json\/wp\/v2\/pages\/4994\/revisions"}],"predecessor-version":[{"id":5361,"href":"https:\/\/lajollamontessorischool.com\/es\/wp-json\/wp\/v2\/pages\/4994\/revisions\/5361"}],"up":[{"embeddable":true,"href":"https:\/\/lajollamontessorischool.com\/es\/wp-json\/wp\/v2\/pages\/4073"}],"wp:featuredmedia":[{"embeddable":true,"href":"https:\/\/lajollamontessorischool.com\/es\/wp-json\/wp\/v2\/media\/4996"}],"wp:attachment":[{"href":"https:\/\/lajollamontessorischool.com\/es\/wp-json\/wp\/v2\/media?parent=4994"}],"curies":[{"name":"wp","href":"https:\/\/api.w.org\/{rel}","templated":true}]}}