{"id":4263,"date":"2022-12-23T09:57:07","date_gmt":"2022-12-23T17:57:07","guid":{"rendered":"https:\/\/lajollamontessorischool.com\/ofertas-de-empleo\/"},"modified":"2026-03-21T08:18:36","modified_gmt":"2026-03-21T15:18:36","slug":"ofertas-de-empleo","status":"publish","type":"page","link":"https:\/\/lajollamontessorischool.com\/es\/ofertas-de-empleo\/","title":{"rendered":"Ofertas de empleo"},"content":{"rendered":"<p><span style=\"font-weight: 400;\">\u00a1La Jolla Montessori School est\u00e1 creciendo!<\/span><\/p>\n<p>Buscamos personal positivo, maduro y solidario para unirse a nuestro equipo. Haz clic en las ofertas de empleo que aparecen a continuaci\u00f3n para obtener m\u00e1s informaci\u00f3n sobre cada puesto.<\/p>\n","protected":false},"excerpt":{"rendered":"<p>\u00a1La Jolla Montessori School est\u00e1 creciendo! Buscamos personal positivo, maduro y solidario para unirse a nuestro equipo. Haz clic en las ofertas de empleo que aparecen<span class=\"excerpt-hellip\"> [\u2026]<\/span><\/p>\n","protected":false},"author":16,"featured_media":0,"parent":0,"menu_order":0,"comment_status":"closed","ping_status":"closed","template":"","meta":{"_exactmetrics_skip_tracking":false,"_exactmetrics_sitenote_active":false,"_exactmetrics_sitenote_note":"","_exactmetrics_sitenote_category":0,"_uf_show_specific_survey":0,"_uf_disable_surveys":false,"footnotes":""},"class_list":["post-4263","page","type-page","status-publish","hentry"],"aioseo_notices":[],"yoast_head":"<!-- This site is optimized with the Yoast SEO plugin v26.8 - https:\/\/yoast.com\/product\/yoast-seo-wordpress\/ -->\n<title>Ofertas de empleo - LaJollaMontessoriSchool.com<\/title>\n<meta name=\"robots\" content=\"index, follow, max-snippet:-1, max-image-preview:large, max-video-preview:-1\" \/>\n<link rel=\"canonical\" href=\"https:\/\/lajollamontessorischool.com\/es\/ofertas-de-empleo\/\" \/>\n<meta property=\"og:locale\" content=\"es_ES\" \/>\n<meta property=\"og:type\" content=\"article\" \/>\n<meta property=\"og:title\" content=\"Ofertas de empleo - LaJollaMontessoriSchool.com\" \/>\n<meta property=\"og:description\" content=\"\u00a1La Jolla Montessori School est\u00e1 creciendo! Buscamos personal positivo, maduro y solidario para unirse a nuestro equipo. Haz clic en las ofertas de empleo que aparecen [\u2026]\" \/>\n<meta property=\"og:url\" content=\"https:\/\/lajollamontessorischool.com\/es\/ofertas-de-empleo\/\" \/>\n<meta property=\"og:site_name\" content=\"LaJollaMontessoriSchool.com\" \/>\n<meta property=\"article:modified_time\" content=\"2026-03-21T15:18:36+00:00\" \/>\n<meta name=\"twitter:card\" content=\"summary_large_image\" \/>\n<script type=\"application\/ld+json\" class=\"yoast-schema-graph\">{\"@context\":\"https:\/\/schema.org\",\"@graph\":[{\"@type\":\"WebPage\",\"@id\":\"https:\/\/lajollamontessorischool.com\/es\/ofertas-de-empleo\/\",\"url\":\"https:\/\/lajollamontessorischool.com\/es\/ofertas-de-empleo\/\",\"name\":\"Ofertas de empleo - LaJollaMontessoriSchool.com\",\"isPartOf\":{\"@id\":\"https:\/\/lajollamontessorischool.com\/es\/#website\"},\"datePublished\":\"2022-12-23T17:57:07+00:00\",\"dateModified\":\"2026-03-21T15:18:36+00:00\",\"breadcrumb\":{\"@id\":\"https:\/\/lajollamontessorischool.com\/es\/ofertas-de-empleo\/#breadcrumb\"},\"inLanguage\":\"es\",\"potentialAction\":[{\"@type\":\"ReadAction\",\"target\":[\"https:\/\/lajollamontessorischool.com\/es\/ofertas-de-empleo\/\"]}]},{\"@type\":\"BreadcrumbList\",\"@id\":\"https:\/\/lajollamontessorischool.com\/es\/ofertas-de-empleo\/#breadcrumb\",\"itemListElement\":[{\"@type\":\"ListItem\",\"position\":1,\"name\":\"Home\",\"item\":\"https:\/\/lajollamontessorischool.com\/es\/\"},{\"@type\":\"ListItem\",\"position\":2,\"name\":\"Ofertas de empleo\"}]},{\"@type\":\"WebSite\",\"@id\":\"https:\/\/lajollamontessorischool.com\/es\/#website\",\"url\":\"https:\/\/lajollamontessorischool.com\/es\/\",\"name\":\"LaJollaMontessoriSchool.com\",\"description\":\"La Jolla Montessori School\",\"publisher\":{\"@id\":\"https:\/\/lajollamontessorischool.com\/es\/#organization\"},\"potentialAction\":[{\"@type\":\"SearchAction\",\"target\":{\"@type\":\"EntryPoint\",\"urlTemplate\":\"https:\/\/lajollamontessorischool.com\/es\/?s={search_term_string}\"},\"query-input\":{\"@type\":\"PropertyValueSpecification\",\"valueRequired\":true,\"valueName\":\"search_term_string\"}}],\"inLanguage\":\"es\"},{\"@type\":\"Organization\",\"@id\":\"https:\/\/lajollamontessorischool.com\/es\/#organization\",\"name\":\"LaJollaMontessoriSchool.com\",\"url\":\"https:\/\/lajollamontessorischool.com\/es\/\",\"logo\":{\"@type\":\"ImageObject\",\"inLanguage\":\"es\",\"@id\":\"https:\/\/lajollamontessorischool.com\/es\/#\/schema\/logo\/image\/\",\"url\":\"https:\/\/lajollamontessorischool.com\/wp-content\/uploads\/2019\/09\/LJMSlogo-new.png\",\"contentUrl\":\"https:\/\/lajollamontessorischool.com\/wp-content\/uploads\/2019\/09\/LJMSlogo-new.png\",\"width\":600,\"height\":234,\"caption\":\"LaJollaMontessoriSchool.com\"},\"image\":{\"@id\":\"https:\/\/lajollamontessorischool.com\/es\/#\/schema\/logo\/image\/\"}}]}<\/script>\n<!-- \/ Yoast SEO plugin. -->","yoast_head_json":{"title":"Ofertas de empleo - LaJollaMontessoriSchool.com","robots":{"index":"index","follow":"follow","max-snippet":"max-snippet:-1","max-image-preview":"max-image-preview:large","max-video-preview":"max-video-preview:-1"},"canonical":"https:\/\/lajollamontessorischool.com\/es\/ofertas-de-empleo\/","og_locale":"es_ES","og_type":"article","og_title":"Ofertas de empleo - LaJollaMontessoriSchool.com","og_description":"\u00a1La Jolla Montessori School est\u00e1 creciendo! Buscamos personal positivo, maduro y solidario para unirse a nuestro equipo. Haz clic en las ofertas de empleo que aparecen [\u2026]","og_url":"https:\/\/lajollamontessorischool.com\/es\/ofertas-de-empleo\/","og_site_name":"LaJollaMontessoriSchool.com","article_modified_time":"2026-03-21T15:18:36+00:00","twitter_card":"summary_large_image","schema":{"@context":"https:\/\/schema.org","@graph":[{"@type":"WebPage","@id":"https:\/\/lajollamontessorischool.com\/es\/ofertas-de-empleo\/","url":"https:\/\/lajollamontessorischool.com\/es\/ofertas-de-empleo\/","name":"Ofertas de empleo - LaJollaMontessoriSchool.com","isPartOf":{"@id":"https:\/\/lajollamontessorischool.com\/es\/#website"},"datePublished":"2022-12-23T17:57:07+00:00","dateModified":"2026-03-21T15:18:36+00:00","breadcrumb":{"@id":"https:\/\/lajollamontessorischool.com\/es\/ofertas-de-empleo\/#breadcrumb"},"inLanguage":"es","potentialAction":[{"@type":"ReadAction","target":["https:\/\/lajollamontessorischool.com\/es\/ofertas-de-empleo\/"]}]},{"@type":"BreadcrumbList","@id":"https:\/\/lajollamontessorischool.com\/es\/ofertas-de-empleo\/#breadcrumb","itemListElement":[{"@type":"ListItem","position":1,"name":"Home","item":"https:\/\/lajollamontessorischool.com\/es\/"},{"@type":"ListItem","position":2,"name":"Ofertas de empleo"}]},{"@type":"WebSite","@id":"https:\/\/lajollamontessorischool.com\/es\/#website","url":"https:\/\/lajollamontessorischool.com\/es\/","name":"LaJollaMontessoriSchool.com","description":"La Jolla Montessori School","publisher":{"@id":"https:\/\/lajollamontessorischool.com\/es\/#organization"},"potentialAction":[{"@type":"SearchAction","target":{"@type":"EntryPoint","urlTemplate":"https:\/\/lajollamontessorischool.com\/es\/?s={search_term_string}"},"query-input":{"@type":"PropertyValueSpecification","valueRequired":true,"valueName":"search_term_string"}}],"inLanguage":"es"},{"@type":"Organization","@id":"https:\/\/lajollamontessorischool.com\/es\/#organization","name":"LaJollaMontessoriSchool.com","url":"https:\/\/lajollamontessorischool.com\/es\/","logo":{"@type":"ImageObject","inLanguage":"es","@id":"https:\/\/lajollamontessorischool.com\/es\/#\/schema\/logo\/image\/","url":"https:\/\/lajollamontessorischool.com\/wp-content\/uploads\/2019\/09\/LJMSlogo-new.png","contentUrl":"https:\/\/lajollamontessorischool.com\/wp-content\/uploads\/2019\/09\/LJMSlogo-new.png","width":600,"height":234,"caption":"LaJollaMontessoriSchool.com"},"image":{"@id":"https:\/\/lajollamontessorischool.com\/es\/#\/schema\/logo\/image\/"}}]}},"_links":{"self":[{"href":"https:\/\/lajollamontessorischool.com\/es\/wp-json\/wp\/v2\/pages\/4263","targetHints":{"allow":["GET"]}}],"collection":[{"href":"https:\/\/lajollamontessorischool.com\/es\/wp-json\/wp\/v2\/pages"}],"about":[{"href":"https:\/\/lajollamontessorischool.com\/es\/wp-json\/wp\/v2\/types\/page"}],"author":[{"embeddable":true,"href":"https:\/\/lajollamontessorischool.com\/es\/wp-json\/wp\/v2\/users\/16"}],"replies":[{"embeddable":true,"href":"https:\/\/lajollamontessorischool.com\/es\/wp-json\/wp\/v2\/comments?post=4263"}],"version-history":[{"count":1,"href":"https:\/\/lajollamontessorischool.com\/es\/wp-json\/wp\/v2\/pages\/4263\/revisions"}],"predecessor-version":[{"id":5346,"href":"https:\/\/lajollamontessorischool.com\/es\/wp-json\/wp\/v2\/pages\/4263\/revisions\/5346"}],"wp:attachment":[{"href":"https:\/\/lajollamontessorischool.com\/es\/wp-json\/wp\/v2\/media?parent=4263"}],"curies":[{"name":"wp","href":"https:\/\/api.w.org\/{rel}","templated":true}]}}