{"id":4087,"date":"2019-08-07T09:39:09","date_gmt":"2019-08-07T16:39:09","guid":{"rendered":"https:\/\/lajollamontessorischool.com\/preguntas-frecuentes\/"},"modified":"2026-03-21T05:33:39","modified_gmt":"2026-03-21T12:33:39","slug":"faq","status":"publish","type":"page","link":"https:\/\/lajollamontessorischool.com\/es\/admisiones\/faq\/","title":{"rendered":"PREGUNTAS FRECUENTES"},"content":{"rendered":"","protected":false},"excerpt":{"rendered":"","protected":false},"author":2,"featured_media":0,"parent":4089,"menu_order":4,"comment_status":"closed","ping_status":"closed","template":"","meta":{"_exactmetrics_skip_tracking":false,"_exactmetrics_sitenote_active":false,"_exactmetrics_sitenote_note":"","_exactmetrics_sitenote_category":0,"_uf_show_specific_survey":0,"_uf_disable_surveys":false,"footnotes":""},"class_list":["post-4087","page","type-page","status-publish","hentry"],"aioseo_notices":[],"yoast_head":"<!-- This site is optimized with the Yoast SEO plugin v26.8 - https:\/\/yoast.com\/product\/yoast-seo-wordpress\/ -->\n<title>PREGUNTAS FRECUENTES - LaJollaMontessoriSchool.com<\/title>\n<meta name=\"description\" content=\"Preguntas frecuentes sobre la Escuela Montessori La Jolla-Obt\u00e9n respuestas a las preguntas m\u00e1s frecuentes de los padres sobre la Escuela Montessori La Jolla, la inscripci\u00f3n en preescolar y jard\u00edn de infancia, la matr\u00edcula, el plan de estudios, la seguridad y el enfoque Montessori.\" \/>\n<meta name=\"robots\" content=\"index, follow, max-snippet:-1, max-image-preview:large, max-video-preview:-1\" \/>\n<link rel=\"canonical\" href=\"https:\/\/lajollamontessorischool.com\/es\/admisiones\/faq\/\" \/>\n<meta property=\"og:locale\" content=\"es_ES\" \/>\n<meta property=\"og:type\" content=\"article\" \/>\n<meta property=\"og:title\" content=\"PREGUNTAS FRECUENTES - LaJollaMontessoriSchool.com\" \/>\n<meta property=\"og:description\" content=\"Preguntas frecuentes sobre la Escuela Montessori La Jolla-Obt\u00e9n respuestas a las preguntas m\u00e1s frecuentes de los padres sobre la Escuela Montessori La Jolla, la inscripci\u00f3n en preescolar y jard\u00edn de infancia, la matr\u00edcula, el plan de estudios, la seguridad y el enfoque Montessori.\" \/>\n<meta property=\"og:url\" content=\"https:\/\/lajollamontessorischool.com\/es\/admisiones\/faq\/\" \/>\n<meta property=\"og:site_name\" content=\"LaJollaMontessoriSchool.com\" \/>\n<meta property=\"article:modified_time\" content=\"2026-03-21T12:33:39+00:00\" \/>\n<meta name=\"twitter:card\" content=\"summary_large_image\" \/>\n<script type=\"application\/ld+json\" class=\"yoast-schema-graph\">{\"@context\":\"https:\/\/schema.org\",\"@graph\":[{\"@type\":\"WebPage\",\"@id\":\"https:\/\/lajollamontessorischool.com\/es\/admisiones\/faq\/\",\"url\":\"https:\/\/lajollamontessorischool.com\/es\/admisiones\/faq\/\",\"name\":\"PREGUNTAS FRECUENTES - LaJollaMontessoriSchool.com\",\"isPartOf\":{\"@id\":\"https:\/\/lajollamontessorischool.com\/es\/#website\"},\"datePublished\":\"2019-08-07T16:39:09+00:00\",\"dateModified\":\"2026-03-21T12:33:39+00:00\",\"description\":\"Preguntas frecuentes sobre la Escuela Montessori La Jolla-Obt\u00e9n respuestas a las preguntas m\u00e1s frecuentes de los padres sobre la Escuela Montessori La Jolla, la inscripci\u00f3n en preescolar y jard\u00edn de infancia, la matr\u00edcula, el plan de estudios, la seguridad y el enfoque Montessori.\",\"breadcrumb\":{\"@id\":\"https:\/\/lajollamontessorischool.com\/es\/admisiones\/faq\/#breadcrumb\"},\"inLanguage\":\"es\",\"potentialAction\":[{\"@type\":\"ReadAction\",\"target\":[\"https:\/\/lajollamontessorischool.com\/es\/admisiones\/faq\/\"]}]},{\"@type\":\"BreadcrumbList\",\"@id\":\"https:\/\/lajollamontessorischool.com\/es\/admisiones\/faq\/#breadcrumb\",\"itemListElement\":[{\"@type\":\"ListItem\",\"position\":1,\"name\":\"Home\",\"item\":\"https:\/\/lajollamontessorischool.com\/es\/\"},{\"@type\":\"ListItem\",\"position\":2,\"name\":\"Admisiones\",\"item\":\"https:\/\/lajollamontessorischool.com\/es\/admisiones\/\"},{\"@type\":\"ListItem\",\"position\":3,\"name\":\"PREGUNTAS FRECUENTES\"}]},{\"@type\":\"WebSite\",\"@id\":\"https:\/\/lajollamontessorischool.com\/es\/#website\",\"url\":\"https:\/\/lajollamontessorischool.com\/es\/\",\"name\":\"LaJollaMontessoriSchool.com\",\"description\":\"La Jolla Montessori School\",\"publisher\":{\"@id\":\"https:\/\/lajollamontessorischool.com\/es\/#organization\"},\"potentialAction\":[{\"@type\":\"SearchAction\",\"target\":{\"@type\":\"EntryPoint\",\"urlTemplate\":\"https:\/\/lajollamontessorischool.com\/es\/?s={search_term_string}\"},\"query-input\":{\"@type\":\"PropertyValueSpecification\",\"valueRequired\":true,\"valueName\":\"search_term_string\"}}],\"inLanguage\":\"es\"},{\"@type\":\"Organization\",\"@id\":\"https:\/\/lajollamontessorischool.com\/es\/#organization\",\"name\":\"LaJollaMontessoriSchool.com\",\"url\":\"https:\/\/lajollamontessorischool.com\/es\/\",\"logo\":{\"@type\":\"ImageObject\",\"inLanguage\":\"es\",\"@id\":\"https:\/\/lajollamontessorischool.com\/es\/#\/schema\/logo\/image\/\",\"url\":\"https:\/\/lajollamontessorischool.com\/wp-content\/uploads\/2019\/09\/LJMSlogo-new.png\",\"contentUrl\":\"https:\/\/lajollamontessorischool.com\/wp-content\/uploads\/2019\/09\/LJMSlogo-new.png\",\"width\":600,\"height\":234,\"caption\":\"LaJollaMontessoriSchool.com\"},\"image\":{\"@id\":\"https:\/\/lajollamontessorischool.com\/es\/#\/schema\/logo\/image\/\"}}]}<\/script>\n<!-- \/ Yoast SEO plugin. -->","yoast_head_json":{"title":"PREGUNTAS FRECUENTES - LaJollaMontessoriSchool.com","description":"Preguntas frecuentes sobre la Escuela Montessori La Jolla-Obt\u00e9n respuestas a las preguntas m\u00e1s frecuentes de los padres sobre la Escuela Montessori La Jolla, la inscripci\u00f3n en preescolar y jard\u00edn de infancia, la matr\u00edcula, el plan de estudios, la seguridad y el enfoque Montessori.","robots":{"index":"index","follow":"follow","max-snippet":"max-snippet:-1","max-image-preview":"max-image-preview:large","max-video-preview":"max-video-preview:-1"},"canonical":"https:\/\/lajollamontessorischool.com\/es\/admisiones\/faq\/","og_locale":"es_ES","og_type":"article","og_title":"PREGUNTAS FRECUENTES - LaJollaMontessoriSchool.com","og_description":"Preguntas frecuentes sobre la Escuela Montessori La Jolla-Obt\u00e9n respuestas a las preguntas m\u00e1s frecuentes de los padres sobre la Escuela Montessori La Jolla, la inscripci\u00f3n en preescolar y jard\u00edn de infancia, la matr\u00edcula, el plan de estudios, la seguridad y el enfoque Montessori.","og_url":"https:\/\/lajollamontessorischool.com\/es\/admisiones\/faq\/","og_site_name":"LaJollaMontessoriSchool.com","article_modified_time":"2026-03-21T12:33:39+00:00","twitter_card":"summary_large_image","schema":{"@context":"https:\/\/schema.org","@graph":[{"@type":"WebPage","@id":"https:\/\/lajollamontessorischool.com\/es\/admisiones\/faq\/","url":"https:\/\/lajollamontessorischool.com\/es\/admisiones\/faq\/","name":"PREGUNTAS FRECUENTES - LaJollaMontessoriSchool.com","isPartOf":{"@id":"https:\/\/lajollamontessorischool.com\/es\/#website"},"datePublished":"2019-08-07T16:39:09+00:00","dateModified":"2026-03-21T12:33:39+00:00","description":"Preguntas frecuentes sobre la Escuela Montessori La Jolla-Obt\u00e9n respuestas a las preguntas m\u00e1s frecuentes de los padres sobre la Escuela Montessori La Jolla, la inscripci\u00f3n en preescolar y jard\u00edn de infancia, la matr\u00edcula, el plan de estudios, la seguridad y el enfoque Montessori.","breadcrumb":{"@id":"https:\/\/lajollamontessorischool.com\/es\/admisiones\/faq\/#breadcrumb"},"inLanguage":"es","potentialAction":[{"@type":"ReadAction","target":["https:\/\/lajollamontessorischool.com\/es\/admisiones\/faq\/"]}]},{"@type":"BreadcrumbList","@id":"https:\/\/lajollamontessorischool.com\/es\/admisiones\/faq\/#breadcrumb","itemListElement":[{"@type":"ListItem","position":1,"name":"Home","item":"https:\/\/lajollamontessorischool.com\/es\/"},{"@type":"ListItem","position":2,"name":"Admisiones","item":"https:\/\/lajollamontessorischool.com\/es\/admisiones\/"},{"@type":"ListItem","position":3,"name":"PREGUNTAS FRECUENTES"}]},{"@type":"WebSite","@id":"https:\/\/lajollamontessorischool.com\/es\/#website","url":"https:\/\/lajollamontessorischool.com\/es\/","name":"LaJollaMontessoriSchool.com","description":"La Jolla Montessori School","publisher":{"@id":"https:\/\/lajollamontessorischool.com\/es\/#organization"},"potentialAction":[{"@type":"SearchAction","target":{"@type":"EntryPoint","urlTemplate":"https:\/\/lajollamontessorischool.com\/es\/?s={search_term_string}"},"query-input":{"@type":"PropertyValueSpecification","valueRequired":true,"valueName":"search_term_string"}}],"inLanguage":"es"},{"@type":"Organization","@id":"https:\/\/lajollamontessorischool.com\/es\/#organization","name":"LaJollaMontessoriSchool.com","url":"https:\/\/lajollamontessorischool.com\/es\/","logo":{"@type":"ImageObject","inLanguage":"es","@id":"https:\/\/lajollamontessorischool.com\/es\/#\/schema\/logo\/image\/","url":"https:\/\/lajollamontessorischool.com\/wp-content\/uploads\/2019\/09\/LJMSlogo-new.png","contentUrl":"https:\/\/lajollamontessorischool.com\/wp-content\/uploads\/2019\/09\/LJMSlogo-new.png","width":600,"height":234,"caption":"LaJollaMontessoriSchool.com"},"image":{"@id":"https:\/\/lajollamontessorischool.com\/es\/#\/schema\/logo\/image\/"}}]}},"_links":{"self":[{"href":"https:\/\/lajollamontessorischool.com\/es\/wp-json\/wp\/v2\/pages\/4087","targetHints":{"allow":["GET"]}}],"collection":[{"href":"https:\/\/lajollamontessorischool.com\/es\/wp-json\/wp\/v2\/pages"}],"about":[{"href":"https:\/\/lajollamontessorischool.com\/es\/wp-json\/wp\/v2\/types\/page"}],"author":[{"embeddable":true,"href":"https:\/\/lajollamontessorischool.com\/es\/wp-json\/wp\/v2\/users\/2"}],"replies":[{"embeddable":true,"href":"https:\/\/lajollamontessorischool.com\/es\/wp-json\/wp\/v2\/comments?post=4087"}],"version-history":[{"count":1,"href":"https:\/\/lajollamontessorischool.com\/es\/wp-json\/wp\/v2\/pages\/4087\/revisions"}],"predecessor-version":[{"id":5342,"href":"https:\/\/lajollamontessorischool.com\/es\/wp-json\/wp\/v2\/pages\/4087\/revisions\/5342"}],"up":[{"embeddable":true,"href":"https:\/\/lajollamontessorischool.com\/es\/wp-json\/wp\/v2\/pages\/4089"}],"wp:attachment":[{"href":"https:\/\/lajollamontessorischool.com\/es\/wp-json\/wp\/v2\/media?parent=4087"}],"curies":[{"name":"wp","href":"https:\/\/api.w.org\/{rel}","templated":true}]}}